{"id":8,"date":"2020-05-07T19:58:16","date_gmt":"2020-05-07T19:58:16","guid":{"rendered":"http:\/\/chinarestaurantlofus.de\/?page_id=8"},"modified":"2024-08-30T17:16:22","modified_gmt":"2024-08-30T17:16:22","slug":"speisekarte","status":"publish","type":"page","link":"https:\/\/chinarestaurantlofus.de\/?page_id=8","title":{"rendered":"Speisekarte"},"content":{"rendered":"\n<div class=\"wp-block-group\"><div class=\"wp-block-group__inner-container is-layout-flow wp-block-group-is-layout-flow\">\n<p class=\"has-text-align-center\">Liebe G\u00e4ste! <\/p>\n\n\n\n<p class=\"has-text-align-center\">Gerne k\u00f6nnen Sie ein wenig st\u00f6bern, anrufen, bestellen und abholen! <\/p>\n\n\n\n<p class=\"has-text-align-center\">Wir freuen uns auf Sie! <\/p>\n\n\n\n<p><\/p>\n\n\n\n<p><\/p>\n\n\n\n<p class=\"has-text-align-center\">Hinweis: Gerne k\u00f6nnen Sie unseren Flyer rechts oben mit dem Symbol:<strong> &#8222;>>&#8220;<\/strong> drehen<\/p>\n\n\n\n<p class=\"has-text-align-center\">oder laden Sie den Flyer runter. <\/p>\n\n\n\n<div class=\"wp-block-group\"><div class=\"wp-block-group__inner-container is-layout-constrained wp-block-group-is-layout-constrained\">\n<div data-wp-interactive=\"core\/file\" class=\"wp-block-file\"><object data-wp-bind--hidden=\"!state.hasPdfPreview\" hidden class=\"wp-block-file__embed\" data=\"https:\/\/chinarestaurantlofus.de\/wp-content\/uploads\/2024\/08\/Flyer-Lofus-24-1.pdf\" type=\"application\/pdf\" style=\"width:100%;height:600px\" aria-label=\"Einbettung von Flyer Lofus 24.\"><\/object><a id=\"wp-block-file--media-1352a720-131c-43c2-9fdd-1ffbd89323fd\" href=\"https:\/\/chinarestaurantlofus.de\/wp-content\/uploads\/2024\/08\/Flyer-Lofus-24-1.pdf\">Flyer Lofus 24<\/a><a href=\"https:\/\/chinarestaurantlofus.de\/wp-content\/uploads\/2024\/08\/Flyer-Lofus-24-1.pdf\" class=\"wp-block-file__button wp-element-button\" download aria-describedby=\"wp-block-file--media-1352a720-131c-43c2-9fdd-1ffbd89323fd\">Herunterladen<\/a><\/div>\n<\/div><\/div>\n<\/div><\/div>\n\n\n\n<p><\/p>\n","protected":false},"excerpt":{"rendered":"<p>Liebe G\u00e4ste! Gerne k\u00f6nnen Sie ein wenig st\u00f6bern, anrufen, bestellen<span class=\"more-button\"><a href=\"https:\/\/chinarestaurantlofus.de\/?page_id=8\" class=\"more-link\">Continue reading<span class=\"screen-reader-text\">Speisekarte<\/span><\/a><\/span><\/p>\n","protected":false},"author":1,"featured_media":16,"parent":0,"menu_order":0,"comment_status":"closed","ping_status":"closed","template":"","meta":{"footnotes":""},"class_list":["post-8","page","type-page","status-publish","has-post-thumbnail","hentry"],"_links":{"self":[{"href":"https:\/\/chinarestaurantlofus.de\/index.php?rest_route=\/wp\/v2\/pages\/8","targetHints":{"allow":["GET"]}}],"collection":[{"href":"https:\/\/chinarestaurantlofus.de\/index.php?rest_route=\/wp\/v2\/pages"}],"about":[{"href":"https:\/\/chinarestaurantlofus.de\/index.php?rest_route=\/wp\/v2\/types\/page"}],"author":[{"embeddable":true,"href":"https:\/\/chinarestaurantlofus.de\/index.php?rest_route=\/wp\/v2\/users\/1"}],"replies":[{"embeddable":true,"href":"https:\/\/chinarestaurantlofus.de\/index.php?rest_route=%2Fwp%2Fv2%2Fcomments&post=8"}],"version-history":[{"count":11,"href":"https:\/\/chinarestaurantlofus.de\/index.php?rest_route=\/wp\/v2\/pages\/8\/revisions"}],"predecessor-version":[{"id":85,"href":"https:\/\/chinarestaurantlofus.de\/index.php?rest_route=\/wp\/v2\/pages\/8\/revisions\/85"}],"wp:featuredmedia":[{"embeddable":true,"href":"https:\/\/chinarestaurantlofus.de\/index.php?rest_route=\/wp\/v2\/media\/16"}],"wp:attachment":[{"href":"https:\/\/chinarestaurantlofus.de\/index.php?rest_route=%2Fwp%2Fv2%2Fmedia&parent=8"}],"curies":[{"name":"wp","href":"https:\/\/api.w.org\/{rel}","templated":true}]}}