{"id":2,"date":"2016-05-10T03:48:21","date_gmt":"2016-05-10T03:48:21","guid":{"rendered":"http:\/\/chinarestaurantlofus.de\/?page_id=2"},"modified":"2021-11-24T00:16:03","modified_gmt":"2021-11-24T00:16:03","slug":"sample-page","status":"publish","type":"page","link":"https:\/\/chinarestaurantlofus.de\/","title":{"rendered":"Essen im China Restaurant Gourmet Lofus"},"content":{"rendered":"<p style=\"text-align: center;\"><strong>Auf Grund der momentanen Lage , haben wir nun andere \u00d6ffnungszeiten!<\/strong><\/p>\n<p style=\"text-align: center;\"><strong>Montags und Dienstags Ruhetag<\/strong><\/p>\n<p style=\"text-align: center;\">(au\u00dfer an Feiertagen)<\/p>\n<p style=\"text-align: center;\"><strong>Mi-So: Mittags&nbsp; 12-14.15 Uhr<\/strong><\/p>\n<p style=\"text-align: center;\"><strong>&nbsp;Abends 17.30-22.00 Uhr<\/strong><\/p>\n<p style=\"text-align: center;\">Unsere K\u00fcche ist bis 21.30 Uhr ge\u00f6ffnet!<\/p>\n<p style=\"text-align: center;\"><strong>Rufen Sie gerne bei uns vorher an und bestellen Sie im Voraus!<\/strong><\/p>\n<p style=\"text-align: center;\">Wir bitten um Verst\u00e4ndnis, da sich unsere \u00d6ffnungszeiten ge\u00e4ndert haben. Wir m\u00fcssen versuchen mit all den M\u00f6glichkeiten, die uns nach dem Jahr noch geblieben sind, als Familienbetrieb weiterzumachen!<\/p>\n<p style=\"text-align: center;\">Wir danken Ihnen f\u00fcr die Unterst\u00fctzung und freuen uns auf Ihren Besuch!<\/p>\n\n\n<div class=\"wp-block-image\"><figure class=\"aligncenter size-large is-resized\"><img loading=\"lazy\" decoding=\"async\" src=\"https:\/\/chinarestaurantlofus.de\/wp-content\/uploads\/2020\/05\/IMG_8309-1024x768.jpg\" alt=\"\" class=\"wp-image-39\" width=\"572\" height=\"429\" srcset=\"https:\/\/chinarestaurantlofus.de\/wp-content\/uploads\/2020\/05\/IMG_8309-1024x768.jpg 1024w, https:\/\/chinarestaurantlofus.de\/wp-content\/uploads\/2020\/05\/IMG_8309-300x225.jpg 300w, https:\/\/chinarestaurantlofus.de\/wp-content\/uploads\/2020\/05\/IMG_8309-768x576.jpg 768w, https:\/\/chinarestaurantlofus.de\/wp-content\/uploads\/2020\/05\/IMG_8309-1536x1152.jpg 1536w, https:\/\/chinarestaurantlofus.de\/wp-content\/uploads\/2020\/05\/IMG_8309-2048x1536.jpg 2048w\" sizes=\"auto, (max-width: 572px) 100vw, 572px\" \/><\/figure><\/div>\n\n\n\n<h2 class=\"wp-block-heading\">Anschrift <\/h2>\n\n\n\n<p>Rellinghauserstr.262 <\/p>\n\n\n\n<p>45136 Essen-Bergerhausen<\/p>\n\n\n\n<p>Tel. 0201\/ 255144<\/p>\n","protected":false},"excerpt":{"rendered":"<p>Auf Grund der momentanen Lage , haben wir nun andere<span class=\"more-button\"><a href=\"https:\/\/chinarestaurantlofus.de\/\" class=\"more-link\">Continue reading<span class=\"screen-reader-text\">Essen im China Restaurant Gourmet Lofus<\/span><\/a><\/span><\/p>\n","protected":false},"author":1,"featured_media":0,"parent":0,"menu_order":0,"comment_status":"closed","ping_status":"closed","template":"","meta":{"footnotes":""},"class_list":["post-2","page","type-page","status-publish","hentry"],"_links":{"self":[{"href":"https:\/\/chinarestaurantlofus.de\/index.php?rest_route=\/wp\/v2\/pages\/2","targetHints":{"allow":["GET"]}}],"collection":[{"href":"https:\/\/chinarestaurantlofus.de\/index.php?rest_route=\/wp\/v2\/pages"}],"about":[{"href":"https:\/\/chinarestaurantlofus.de\/index.php?rest_route=\/wp\/v2\/types\/page"}],"author":[{"embeddable":true,"href":"https:\/\/chinarestaurantlofus.de\/index.php?rest_route=\/wp\/v2\/users\/1"}],"replies":[{"embeddable":true,"href":"https:\/\/chinarestaurantlofus.de\/index.php?rest_route=%2Fwp%2Fv2%2Fcomments&post=2"}],"version-history":[{"count":10,"href":"https:\/\/chinarestaurantlofus.de\/index.php?rest_route=\/wp\/v2\/pages\/2\/revisions"}],"predecessor-version":[{"id":68,"href":"https:\/\/chinarestaurantlofus.de\/index.php?rest_route=\/wp\/v2\/pages\/2\/revisions\/68"}],"wp:attachment":[{"href":"https:\/\/chinarestaurantlofus.de\/index.php?rest_route=%2Fwp%2Fv2%2Fmedia&parent=2"}],"curies":[{"name":"wp","href":"https:\/\/api.w.org\/{rel}","templated":true}]}}